{"id":2157,"date":"2020-04-04T19:00:50","date_gmt":"2020-04-04T19:00:50","guid":{"rendered":"https:\/\/www.sik.ba\/annealing\/"},"modified":"2026-02-27T08:35:40","modified_gmt":"2026-02-27T07:35:40","slug":"ausgluehen","status":"publish","type":"page","link":"https:\/\/www.sik.ba\/de\/ausgluehen\/","title":{"rendered":"Ausgl\u00fchen"},"content":{"rendered":"<div class=\"wpb-content-wrapper\">[vc_row gap=&#8220;64&#8243; element_id=&#8220;544602&#8243; css=&#8220;.vc_custom_1548940421216{padding-bottom: 96px !important;}&#8220;][vc_column animation_delay=&#8220;0&#8243; element_id=&#8220;195820&#8243; crp=&#8220;480:i:i,480-768:i:i,768-1024:i:i,1024-1280:i:i,1280-1366:i:i,1366-1600:i:i,1600-1920:i:i&#8220; offset=&#8220;vc_col-lg-4 vc_col-md-5 vc_col-xs-12&#8243;][vc_wp_custommenu nav_menu=&#8220;40&#8243;][vc_row_inner gap=&#8220;0&#8243; element_id=&#8220;795222&#8243;][vc_column_inner el_class=&#8220;background-position-right-bottom&#8220; css=&#8220;.vc_custom_1550830640079{border-top-width: 4px !important;border-right-width: 4px !important;border-bottom-width: 4px !important;border-left-width: 4px !important;padding-top: 32px !important;padding-right: 32px !important;padding-bottom: 32px !important;padding-left: 32px !important;background-image: url(http:\/\/sik.ba\/sik-novi\/wp-content\/uploads\/back3.png?id=433) !important;border-left-color: #004990 !important;border-left-style: solid !important;border-right-color: #004990 !important;border-right-style: solid !important;border-top-color: #004990 !important;border-top-style: solid !important;border-bottom-color: #004990 !important;border-bottom-style: solid !important;}&#8220; offset=&#8220;vc_col-lg-12 vc_col-md-12 vc_col-xs-12&#8243;]<h1 class=\"et-heading text-align-left tablet-text-align-inherit mobile-text-align-inherit animate-false no-animation-type\" id=\"et-heading-555084\" data-delay=\"0\" data-mobile-font=\"32px\" data-mobile-line-height=\"32px\" data-tablet-landscape-font=\"inherit\" data-tablet-portrait-font=\"inherit\" data-tablet-landscape-line-height=\"inherit\" data-tablet-portrait-line-height=\"inherit\" data-parallax=\"false\" data-move=\"false\" data-coordinatex=\"0\" data-coordinatey=\"0\" data-speed=\"10\"><span class=\"text-wrapper\"><span class=\"text\">Schwei\u00df<span class=\"et-gap et-clearfix et-gap-1\"><\/span> Schule <span class=\"et-gap et-clearfix et-gap-1\"><\/span> <span class=\"highlight\" style=\"color: #004990; font-size: 60px; line-height: 70px;\">SIK d.o.o.<\/span><\/span><\/span><\/h1><span class=\"et-gap et-clearfix et-gap-788339\"><\/span><a id=\"et-button-769377\" class=\"et-button icon-position-right modal-false large hover-fill click-none has-icon\" target=\"_self\" href=\"https:\/\/www.sik.ba\/de\/karriere-bei-sik\/\" data-animation-delay=\"0\" data-parallax=\"false\" data-move=\"false\" data-coordinatex=\"0\" data-coordinatey=\"0\" data-speed=\"10\"><span class=\"hover\"><\/span><span class=\"regular\"><\/span><span class=\"text\">Mehr<\/span><span class=\"icon ien ien-earrow-3\"><\/span><\/a>[\/vc_column_inner][\/vc_row_inner]<span class=\"et-gap et-clearfix et-gap-579052 hide1024\"><\/span>[\/vc_column][vc_column animation_delay=&#8220;0&#8243; element_id=&#8220;21206&#8243; crp=&#8220;480:i:i,480-768:i:i,768-1024:i:i,1024-1280:i:i,1280-1366:i:i,1366-1600:i:i,1600-1920:i:i&#8220; offset=&#8220;vc_col-lg-8 vc_col-md-7 vc_col-xs-12&#8243;]<h1 class=\"et-heading text-align-left tablet-text-align-inherit mobile-text-align-inherit animate-false no-animation-type\" id=\"et-heading-640095\" data-delay=\"0\" data-mobile-font=\"18px\" data-mobile-line-height=\"inherit\" data-tablet-landscape-font=\"inherit\" data-tablet-portrait-font=\"inherit\" data-tablet-landscape-line-height=\"inherit\" data-tablet-portrait-line-height=\"inherit\" data-parallax=\"false\" data-move=\"false\" data-coordinatex=\"0\" data-coordinatey=\"0\" data-speed=\"10\"><span class=\"text-wrapper\"><span class=\"text\">Ausgl\u00fchen<\/span><\/span><\/h1><span class=\"et-gap et-clearfix et-gap-70441\"><\/span>[vc_column_text animation_delay=&#8220;0&#8243;]<span class=\"et-font-size\" data-fontsize=\"20px\" data-lineheight=\"32px\">Wir bieten das ganze Spektrum zum Ausgl\u00fchen von Stahl mit Hilfe unseren neusten und modernsten \u00d6fen \u2013\u00a0 mit Dimensionen von 7000x3000x3000, 550kW Leistung und Temperaturen von bis zu 600 Zelsius. (Kontroliert vom Siemens Modul mit eingebautem Feedbacksystem). Unseren Kunden bieten wir vesrschiedene Hitzeverarbeitungen zusammengeschwei\u00dfter Teile, vom Ausgl\u00fchen, \u00fcber das Auslasen bis hin zur Aush\u00e4rtung.<\/span>[\/vc_column_text]<span class=\"et-gap et-clearfix et-gap-803736\"><\/span><h4 class=\"et-heading text-align-left tablet-text-align-inherit mobile-text-align-inherit animate-false no-animation-type\" id=\"et-heading-510946\" data-delay=\"0\" data-mobile-font=\"18px\" data-mobile-line-height=\"inherit\" data-tablet-landscape-font=\"inherit\" data-tablet-portrait-font=\"inherit\" data-tablet-landscape-line-height=\"inherit\" data-tablet-portrait-line-height=\"inherit\" data-parallax=\"false\" data-move=\"false\" data-coordinatex=\"0\" data-coordinatey=\"0\" data-speed=\"10\"><span class=\"text-wrapper\"><span class=\"text\">Annealing furnace 7000x3000x3000<\/span><\/span><\/h4><span class=\"et-gap et-clearfix et-gap-424046\"><\/span>[vc_single_image image=&#8220;2005&#8243; img_size=&#8220;full&#8220;]<span class=\"et-gap et-clearfix et-gap-803736\"><\/span><div id=\"et-icon-box-container-7411\" class=\"column-2 et-icon-box-container et-item-set effect-none animation-type-sequential top no-border\"><div id=\"et-icon-box-106137\" class=\"et-icon-box et-item icon-position-left icon-alignment-left hover-none\" data-parallax=\"false\" data-move=\"false\" data-coordinatex=\"0\" data-coordinatey=\"0\" data-speed=\"10\"><div class=\"et-icon-box-inner et-item-inner et-clearfix\"><div class=\"et-icon border-radius-large full small\"><span class=\"el-icon fas fa-angle-right\"><\/span><\/div><div class=\"et-icon-content et-clearfix\"><h4 class=\"et-icon-box-title\">Verschiedene Materiallien<\/h4><p class=\"et-icon-box-content\"><span style=\"font-weight: 600;\"><span class=\"et-font-size\" data-fontsize=\"18px\" data-lineheight=\"28px\">Das Ausgl\u00fchen verschiedenster Materiallien.<\/span><\/span><\/p>\n<\/p><\/div><\/div><\/div><div id=\"et-icon-box-247776\" class=\"et-icon-box et-item icon-position-left icon-alignment-left hover-none\" data-parallax=\"false\" data-move=\"false\" data-coordinatex=\"0\" data-coordinatey=\"0\" data-speed=\"10\"><div class=\"et-icon-box-inner et-item-inner et-clearfix\"><div class=\"et-icon border-radius-large full small\"><span class=\"el-icon fas fa-angle-right\"><\/span><\/div><div class=\"et-icon-content et-clearfix\"><h4 class=\"et-icon-box-title\">Vielf\u00e4ltige M\u00f6glichkeiten<\/h4><p class=\"et-icon-box-content\"><span style=\"font-weight: 600;\"><span class=\"et-font-size\" data-fontsize=\"18px\" data-lineheight=\"28px\">In unseren Ofen besteht die M\u00f6glichkeit zur Verarbeitung von kleiner so wir Gro\u00dfer Teile.<\/span><\/span><\/p>\n<\/p><\/div><\/div><\/div><\/div><span class=\"et-gap et-clearfix et-gap-261972\"><\/span>[\/vc_column][\/vc_row][vc_row full_width=&#8220;stretch_row_content&#8220; disable_element=&#8220;yes&#8220; element_id=&#8220;724620&#8243;][vc_column animation_delay=&#8220;0&#8243; text_align=&#8220;center&#8220; element_id=&#8220;488053&#8243; crp=&#8220;480:i:i,480-768:i:i,768-1024:i:i,1024-1280:i:i,1280-1366:i:i,1366-1600:i:i,1600-1920:i:i&#8220;][vc_gallery type=&#8220;image_grid&#8220; images=&#8220;1938,1937,1914&#8243; img_size=&#8220;470&#215;300&#8243;][\/vc_column][\/vc_row]\n<\/div>","protected":false},"excerpt":{"rendered":"<p>[vc_row gap=&#8220;64&#8243; element_id=&#8220;544602&#8243; css=&#8220;.vc_custom_1548940421216{padding-bottom: 96px !important;}&#8220;][vc_column animation_delay=&#8220;0&#8243; element_id=&#8220;195820&#8243; crp=&#8220;480:i:i,480-768:i:i,768-1024:i:i,1024-1280:i:i,1280-1366:i:i,1366-1600:i:i,1600-1920:i:i&#8220; offset=&#8220;vc_col-lg-4 vc_col-md-5 vc_col-xs-12&#8243;][vc_wp_custommenu nav_menu=&#8220;40&#8243;][vc_row_inner gap=&#8220;0&#8243; element_id=&#8220;795222&#8243;][vc_column_inner el_class=&#8220;background-position-right-bottom&#8220; css=&#8220;.vc_custom_1550830640079{border-top-width: 4px !important;border-right-width: 4px !important;border-bottom-width: 4px !important;border-left-width: 4px !important;padding-top: 32px !important;padding-right: 32px !important;padding-bottom: 32px !important;padding-left: 32px !important;background-image: url(http:\/\/sik.ba\/sik-novi\/wp-content\/uploads\/back3.png?id=433) !important;border-left-color: #004990 !important;border-left-style: solid !important;border-right-color: #004990 !important;border-right-style: solid !important;border-top-color: #004990 !important;border-top-style: solid !important;border-bottom-color: #004990 !important;border-bottom-style: solid !important;}&#8220; offset=&#8220;vc_col-lg-12 vc_col-md-12 vc_col-xs-12&#8243;][\/vc_column_inner][\/vc_row_inner][\/vc_column][vc_column animation_delay=&#8220;0&#8243; [&hellip;]<\/p>\n","protected":false},"author":1,"featured_media":0,"parent":0,"menu_order":0,"comment_status":"closed","ping_status":"closed","template":"page-vc.php","meta":{"footnotes":""},"class_list":["post-2157","page","type-page","status-publish","hentry"],"_links":{"self":[{"href":"https:\/\/www.sik.ba\/de\/wp-json\/wp\/v2\/pages\/2157","targetHints":{"allow":["GET"]}}],"collection":[{"href":"https:\/\/www.sik.ba\/de\/wp-json\/wp\/v2\/pages"}],"about":[{"href":"https:\/\/www.sik.ba\/de\/wp-json\/wp\/v2\/types\/page"}],"author":[{"embeddable":true,"href":"https:\/\/www.sik.ba\/de\/wp-json\/wp\/v2\/users\/1"}],"replies":[{"embeddable":true,"href":"https:\/\/www.sik.ba\/de\/wp-json\/wp\/v2\/comments?post=2157"}],"version-history":[{"count":4,"href":"https:\/\/www.sik.ba\/de\/wp-json\/wp\/v2\/pages\/2157\/revisions"}],"predecessor-version":[{"id":2811,"href":"https:\/\/www.sik.ba\/de\/wp-json\/wp\/v2\/pages\/2157\/revisions\/2811"}],"wp:attachment":[{"href":"https:\/\/www.sik.ba\/de\/wp-json\/wp\/v2\/media?parent=2157"}],"curies":[{"name":"wp","href":"https:\/\/api.w.org\/{rel}","templated":true}]}}