{"id":2162,"date":"2020-04-04T19:09:57","date_gmt":"2020-04-04T19:09:57","guid":{"rendered":"https:\/\/www.sik.ba\/shotblasting\/"},"modified":"2021-12-31T13:33:31","modified_gmt":"2021-12-31T13:33:31","slug":"sacmarenje","status":"publish","type":"page","link":"https:\/\/www.sik.ba\/hr\/sacmarenje\/","title":{"rendered":"Sa\u010dmarenje"},"content":{"rendered":"<div class=\"wpb-content-wrapper\">[vc_row gap=&#8221;64&#8243; element_id=&#8221;544602&#8243; css=&#8221;.vc_custom_1548940421216{padding-bottom: 96px !important;}&#8221;][vc_column animation_delay=&#8221;0&#8243; element_id=&#8221;195820&#8243; crp=&#8221;480:i:i,480-768:i:i,768-1024:i:i,1024-1280:i:i,1280-1366:i:i,1366-1600:i:i,1600-1920:i:i&#8221; offset=&#8221;vc_col-lg-4 vc_col-md-5 vc_col-xs-12&#8243;][vc_wp_custommenu nav_menu=&#8221;40&#8243;][vc_row_inner gap=&#8221;0&#8243; element_id=&#8221;795222&#8243;][vc_column_inner el_class=&#8221;background-position-right-bottom&#8221; css=&#8221;.vc_custom_1550830640079{border-top-width: 4px !important;border-right-width: 4px !important;border-bottom-width: 4px !important;border-left-width: 4px !important;padding-top: 32px !important;padding-right: 32px !important;padding-bottom: 32px !important;padding-left: 32px !important;background-image: url(http:\/\/sik.ba\/sik-novi\/wp-content\/uploads\/back3.png?id=433) !important;border-left-color: #004990 !important;border-left-style: solid !important;border-right-color: #004990 !important;border-right-style: solid !important;border-top-color: #004990 !important;border-top-style: solid !important;border-bottom-color: #004990 !important;border-bottom-style: solid !important;}&#8221; offset=&#8221;vc_col-lg-12 vc_col-md-12 vc_col-xs-12&#8243;]<h1 class=\"et-heading text-align-left tablet-text-align-inherit mobile-text-align-inherit animate-false no-animation-type\" id=\"et-heading-758890\" data-delay=\"0\" data-mobile-font=\"32px\" data-mobile-line-height=\"32px\" data-tablet-landscape-font=\"inherit\" data-tablet-portrait-font=\"inherit\" data-tablet-landscape-line-height=\"inherit\" data-tablet-portrait-line-height=\"inherit\" data-parallax=\"false\" data-move=\"false\" data-coordinatex=\"0\" data-coordinatey=\"0\" data-speed=\"10\"><span class=\"text-wrapper\"><span class=\"text\">\u0160kola<span class=\"et-gap et-clearfix et-gap-1\"><\/span> zavarivanja<span class=\"et-gap et-clearfix et-gap-1\"><\/span> <span class=\"highlight\" style=\"color: #004990; font-size: 60px; line-height: 70px;\">SIK d.o.o.<\/span><\/span><\/span><\/h1><span class=\"et-gap et-clearfix et-gap-788339\"><\/span><a id=\"et-button-416485\" class=\"et-button icon-position-right modal-false large hover-fill click-none has-icon\" target=\"_self\" href=\"https:\/\/www.sik.ba\/hr\/karijera\/\" data-animation-delay=\"0\" data-parallax=\"false\" data-move=\"false\" data-coordinatex=\"0\" data-coordinatey=\"0\" data-speed=\"10\"><span class=\"hover\"><\/span><span class=\"regular\"><\/span><span class=\"text\">Saznajte vi\u0161e<\/span><span class=\"icon ien ien-earrow-3\"><\/span><\/a>[\/vc_column_inner][\/vc_row_inner]<span class=\"et-gap et-clearfix et-gap-579052 hide1024\"><\/span>[\/vc_column][vc_column animation_delay=&#8221;0&#8243; element_id=&#8221;21206&#8243; crp=&#8221;480:i:i,480-768:i:i,768-1024:i:i,1024-1280:i:i,1280-1366:i:i,1366-1600:i:i,1600-1920:i:i&#8221; offset=&#8221;vc_col-lg-8 vc_col-md-7 vc_col-xs-12&#8243;]<h1 class=\"et-heading text-align-left tablet-text-align-inherit mobile-text-align-inherit animate-false no-animation-type\" id=\"et-heading-414956\" data-delay=\"0\" data-mobile-font=\"18px\" data-mobile-line-height=\"inherit\" data-tablet-landscape-font=\"inherit\" data-tablet-portrait-font=\"inherit\" data-tablet-landscape-line-height=\"inherit\" data-tablet-portrait-line-height=\"inherit\" data-parallax=\"false\" data-move=\"false\" data-coordinatex=\"0\" data-coordinatey=\"0\" data-speed=\"10\"><span class=\"text-wrapper\"><span class=\"text\">Sa\u010dmarenje<\/span><\/span><\/h1><span class=\"et-gap et-clearfix et-gap-70441\"><\/span>[vc_column_text animation_delay=&#8221;0&#8243;]<span class=\"et-font-size\" data-fontsize=\"20px\" data-lineheight=\"32px\">S na\u0161im modernim strojem za tla\u010dno pjeskarenje posti\u017eemo hrapavost povr\u0161ine Sa2 1\/2 i 50 qm. Proces pjeskarenja provode iskusni profesionalci, spremni udovoljiti svim zahtjevima klijenata. S maksimalnom veli\u010dinom 10000 mm x 8000 mm x 3600 mm, na\u0161 stroj za pjeskarenje sposoban je rukovati svime, od malih dijelova i sklopova do ve\u0107ih struktura.<\/p>\n<p><strong>MAKSIMALNA VELI\u010cINA<\/strong><br \/>\n<span class=\"m_-9128837024096893156et-font-size\">10000mm x 8000mm x 3600mm<\/span>.<\/span>[\/vc_column_text]<span class=\"et-gap et-clearfix et-gap-803736\"><\/span>[vc_single_image image=&#8221;1762&#8243; img_size=&#8221;full&#8221;]<span class=\"et-gap et-clearfix et-gap-803736\"><\/span><div id=\"et-icon-box-container-7411\" class=\"column-2 et-icon-box-container et-item-set effect-none animation-type-sequential top no-border\"><div id=\"et-icon-box-811239\" class=\"et-icon-box et-item icon-position-left icon-alignment-left hover-none\" data-parallax=\"false\" data-move=\"false\" data-coordinatex=\"0\" data-coordinatey=\"0\" data-speed=\"10\"><div class=\"et-icon-box-inner et-item-inner et-clearfix\"><div class=\"et-icon border-radius-large full small\"><span class=\"el-icon fas fa-angle-right\"><\/span><\/div><div class=\"et-icon-content et-clearfix\"><h4 class=\"et-icon-box-title\">Visokokvalitetni rezultati<\/h4><p class=\"et-icon-box-content\"><span style=\"font-weight: 600;\"><span class=\"et-font-size\" data-fontsize=\"18px\" data-lineheight=\"28px\">Na\u0161 stroj za pjeskarenje posti\u017ee povr\u0161insku \u010disto\u0107u Sa2 1\/2 i robusnost od 50 qm.<\/span><\/span><\/p>\n<\/p><\/div><\/div><\/div><div id=\"et-icon-box-766416\" class=\"et-icon-box et-item icon-position-left icon-alignment-left hover-none\" data-parallax=\"false\" data-move=\"false\" data-coordinatex=\"0\" data-coordinatey=\"0\" data-speed=\"10\"><div class=\"et-icon-box-inner et-item-inner et-clearfix\"><div class=\"et-icon border-radius-large full small\"><span class=\"el-icon fas fa-angle-right\"><\/span><\/div><div class=\"et-icon-content et-clearfix\"><h4 class=\"et-icon-box-title\">Svestrane mogu\u0107nosti<\/h4><p class=\"et-icon-box-content\"><span style=\"font-weight: 600;\"><span class=\"et-font-size\" data-fontsize=\"18px\" data-lineheight=\"28px\">Na\u0161 stroj za pjeskarenje sposoban je za rukovanje malim dijelovima i sklopovima do velikih struktura.<\/span><\/span><\/p>\n<\/p><\/div><\/div><\/div><\/div><span class=\"et-gap et-clearfix et-gap-261972\"><\/span>[\/vc_column][\/vc_row][vc_row full_width=&#8221;stretch_row_content&#8221; disable_element=&#8221;yes&#8221; element_id=&#8221;724620&#8243;][vc_column animation_delay=&#8221;0&#8243; text_align=&#8221;center&#8221; element_id=&#8221;488053&#8243; crp=&#8221;480:i:i,480-768:i:i,768-1024:i:i,1024-1280:i:i,1280-1366:i:i,1366-1600:i:i,1600-1920:i:i&#8221;][vc_gallery type=&#8221;image_grid&#8221; images=&#8221;1694,1693,1670&#8243; img_size=&#8221;470&#215;300&#8243;][\/vc_column][\/vc_row]\n<\/div>","protected":false},"excerpt":{"rendered":"<p>[vc_row gap=&#8221;64&#8243; element_id=&#8221;544602&#8243; css=&#8221;.vc_custom_1548940421216{padding-bottom: 96px !important;}&#8221;][vc_column animation_delay=&#8221;0&#8243; element_id=&#8221;195820&#8243; crp=&#8221;480:i:i,480-768:i:i,768-1024:i:i,1024-1280:i:i,1280-1366:i:i,1366-1600:i:i,1600-1920:i:i&#8221; offset=&#8221;vc_col-lg-4 vc_col-md-5 vc_col-xs-12&#8243;][vc_wp_custommenu nav_menu=&#8221;40&#8243;][vc_row_inner gap=&#8221;0&#8243; element_id=&#8221;795222&#8243;][vc_column_inner el_class=&#8221;background-position-right-bottom&#8221; css=&#8221;.vc_custom_1550830640079{border-top-width: 4px !important;border-right-width: 4px !important;border-bottom-width: 4px !important;border-left-width: 4px !important;padding-top: 32px !important;padding-right: 32px !important;padding-bottom: 32px !important;padding-left: 32px !important;background-image: url(http:\/\/sik.ba\/sik-novi\/wp-content\/uploads\/back3.png?id=433) !important;border-left-color: #004990 !important;border-left-style: solid !important;border-right-color: #004990 !important;border-right-style: solid !important;border-top-color: #004990 !important;border-top-style: solid !important;border-bottom-color: #004990 !important;border-bottom-style: solid !important;}&#8221; offset=&#8221;vc_col-lg-12 vc_col-md-12 vc_col-xs-12&#8243;][\/vc_column_inner][\/vc_row_inner][\/vc_column][vc_column animation_delay=&#8221;0&#8243; [&hellip;]<\/p>\n","protected":false},"author":1,"featured_media":0,"parent":0,"menu_order":0,"comment_status":"closed","ping_status":"closed","template":"page-vc.php","meta":{"footnotes":""},"class_list":["post-2162","page","type-page","status-publish","hentry"],"_links":{"self":[{"href":"https:\/\/www.sik.ba\/hr\/wp-json\/wp\/v2\/pages\/2162","targetHints":{"allow":["GET"]}}],"collection":[{"href":"https:\/\/www.sik.ba\/hr\/wp-json\/wp\/v2\/pages"}],"about":[{"href":"https:\/\/www.sik.ba\/hr\/wp-json\/wp\/v2\/types\/page"}],"author":[{"embeddable":true,"href":"https:\/\/www.sik.ba\/hr\/wp-json\/wp\/v2\/users\/1"}],"replies":[{"embeddable":true,"href":"https:\/\/www.sik.ba\/hr\/wp-json\/wp\/v2\/comments?post=2162"}],"version-history":[{"count":3,"href":"https:\/\/www.sik.ba\/hr\/wp-json\/wp\/v2\/pages\/2162\/revisions"}],"predecessor-version":[{"id":2165,"href":"https:\/\/www.sik.ba\/hr\/wp-json\/wp\/v2\/pages\/2162\/revisions\/2165"}],"wp:attachment":[{"href":"https:\/\/www.sik.ba\/hr\/wp-json\/wp\/v2\/media?parent=2162"}],"curies":[{"name":"wp","href":"https:\/\/api.w.org\/{rel}","templated":true}]}}