{"id":2242,"date":"2020-03-12T12:12:07","date_gmt":"2020-03-12T12:12:07","guid":{"rendered":"https:\/\/www.sik.ba\/quality-control\/"},"modified":"2022-01-03T07:58:38","modified_gmt":"2022-01-03T07:58:38","slug":"kontrola-kvalitete","status":"publish","type":"page","link":"https:\/\/www.sik.ba\/hr\/kontrola-kvalitete\/","title":{"rendered":"Kontrola kvalitete"},"content":{"rendered":"<div class=\"wpb-content-wrapper\">[vc_row gap=&#8221;64&#8243; element_id=&#8221;544602&#8243; css=&#8221;.vc_custom_1548940421216{padding-bottom: 96px !important;}&#8221;][vc_column animation_delay=&#8221;0&#8243; element_id=&#8221;195820&#8243; crp=&#8221;480:i:i,480-768:i:i,768-1024:i:i,1024-1280:i:i,1280-1366:i:i,1366-1600:i:i,1600-1920:i:i&#8221; offset=&#8221;vc_col-lg-4 vc_col-md-5 vc_col-xs-12&#8243;][vc_wp_custommenu nav_menu=&#8221;40&#8243;][vc_row_inner gap=&#8221;0&#8243; element_id=&#8221;795222&#8243;][vc_column_inner el_class=&#8221;background-position-right-bottom&#8221; css=&#8221;.vc_custom_1550830640079{border-top-width: 4px !important;border-right-width: 4px !important;border-bottom-width: 4px !important;border-left-width: 4px !important;padding-top: 32px !important;padding-right: 32px !important;padding-bottom: 32px !important;padding-left: 32px !important;background-image: url(http:\/\/sik.ba\/sik-novi\/wp-content\/uploads\/back3.png?id=433) !important;border-left-color: #004990 !important;border-left-style: solid !important;border-right-color: #004990 !important;border-right-style: solid !important;border-top-color: #004990 !important;border-top-style: solid !important;border-bottom-color: #004990 !important;border-bottom-style: solid !important;}&#8221; offset=&#8221;vc_col-lg-12 vc_col-md-12 vc_col-xs-12&#8243;]<h1 class=\"et-heading text-align-left tablet-text-align-inherit mobile-text-align-inherit animate-false no-animation-type\" id=\"et-heading-66198\" data-delay=\"0\" data-mobile-font=\"32px\" data-mobile-line-height=\"32px\" data-tablet-landscape-font=\"inherit\" data-tablet-portrait-font=\"inherit\" data-tablet-landscape-line-height=\"inherit\" data-tablet-portrait-line-height=\"inherit\" data-parallax=\"false\" data-move=\"false\" data-coordinatex=\"0\" data-coordinatey=\"0\" data-speed=\"10\"><span class=\"text-wrapper\"><span class=\"text\">\u0160kola<span class=\"et-gap et-clearfix et-gap-1\"><\/span> zavarivanja<span class=\"et-gap et-clearfix et-gap-1\"><\/span> <span class=\"highlight\" style=\"color: #004990; font-size: 50px; line-height: 70px;\">SIK d.o.o.<\/span><\/span><\/span><\/h1><span class=\"et-gap et-clearfix et-gap-788339\"><\/span><a id=\"et-button-448688\" class=\"et-button icon-position-right modal-false large hover-fill click-none has-icon\" target=\"_self\" href=\"https:\/\/www.sik.ba\/hr\/karijera\/\" data-animation-delay=\"0\" data-parallax=\"false\" data-move=\"false\" data-coordinatex=\"0\" data-coordinatey=\"0\" data-speed=\"10\"><span class=\"hover\"><\/span><span class=\"regular\"><\/span><span class=\"text\">Saznajte vi\u0161e<\/span><span class=\"icon ien ien-earrow-3\"><\/span><\/a>[\/vc_column_inner][\/vc_row_inner]<span class=\"et-gap et-clearfix et-gap-579052 hide1024\"><\/span>[\/vc_column][vc_column animation_delay=&#8221;0&#8243; element_id=&#8221;21206&#8243; crp=&#8221;480:i:i,480-768:i:i,768-1024:i:i,1024-1280:i:i,1280-1366:i:i,1366-1600:i:i,1600-1920:i:i&#8221; offset=&#8221;vc_col-lg-8 vc_col-md-7 vc_col-xs-12&#8243;]<h1 class=\"et-heading text-align-left tablet-text-align-inherit mobile-text-align-inherit animate-false no-animation-type\" id=\"et-heading-840019\" data-delay=\"0\" data-mobile-font=\"18px\" data-mobile-line-height=\"inherit\" data-tablet-landscape-font=\"inherit\" data-tablet-portrait-font=\"inherit\" data-tablet-landscape-line-height=\"inherit\" data-tablet-portrait-line-height=\"inherit\" data-parallax=\"false\" data-move=\"false\" data-coordinatex=\"0\" data-coordinatey=\"0\" data-speed=\"10\"><span class=\"text-wrapper\"><span class=\"text\">Kontrola kvalitete<\/span><\/span><\/h1><span class=\"et-gap et-clearfix et-gap-318308\"><\/span>[vc_column_text animation_delay=&#8221;0&#8243;]Kontrolu kvalitete provode 4 iskusna kontrolora koji prate cjelokupnu proizvodnju koriste\u0107i modernu i redovito kalibriranu opremu uklju\u010duju\u0107i visoko preciznu 3D mjernu mobilnu platformu FARO ruku.<\/p>\n<p><strong>Neki od mjernih ure\u0111aja koji su nam na raspolaganju:<\/strong><\/p>\n<p>\u2013 Vanjski mikrometri (0-800 mm)<br \/>\n\u2013 Unutarnji mikrometri (\u00d8 8-200 mm)<br \/>\n\u2013 Mjerni instrumenti u 2 to\u010dke (6 \u2013 2125 mm)<br \/>\n\u2013 Mjera\u010di hrapavosti<br \/>\n\u2013 Faro Arm QUANTUM<br \/>\n\u2013 Zoller s-400 (398,8 x 210,8 x 419,1 mm)[\/vc_column_text]<span class=\"et-gap et-clearfix et-gap-318308\"><\/span><h5 class=\"et-heading text-align-left tablet-text-align-inherit mobile-text-align-inherit animate-false no-animation-type\" id=\"et-heading-383539\" data-delay=\"0\" data-mobile-font=\"inherit\" data-mobile-line-height=\"inherit\" data-tablet-landscape-font=\"inherit\" data-tablet-portrait-font=\"inherit\" data-tablet-landscape-line-height=\"inherit\" data-tablet-portrait-line-height=\"inherit\" data-parallax=\"false\" data-move=\"false\" data-coordinatex=\"0\" data-coordinatey=\"0\" data-speed=\"10\"><span class=\"text-wrapper\"><span class=\"text\">Quality Control: FARO Arm Quantum Precision: +\/- 0.023 mm<br \/>\n<\/span><\/span><\/h5><span class=\"et-gap et-clearfix et-gap-38931\"><\/span>[vc_single_image image=&#8221;1764&#8243; img_size=&#8221;full&#8221;]<span class=\"et-gap et-clearfix et-gap-318308\"><\/span>[vc_single_image image=&#8221;1784&#8243; img_size=&#8221;full&#8221;]<span class=\"et-gap et-clearfix et-gap-318308\"><\/span>[vc_single_image image=&#8221;1801&#8243; img_size=&#8221;full&#8221;]<span class=\"et-gap et-clearfix et-gap-318308\"><\/span>[\/vc_column][\/vc_row][vc_row full_width=&#8221;stretch_row_content&#8221; disable_element=&#8221;yes&#8221; element_id=&#8221;559254&#8243;][vc_column animation_delay=&#8221;0&#8243; text_align=&#8221;center&#8221; element_id=&#8221;488053&#8243; crp=&#8221;480:i:i,480-768:i:i,768-1024:i:i,1024-1280:i:i,1280-1366:i:i,1366-1600:i:i,1600-1920:i:i&#8221;][vc_gallery type=&#8221;image_grid&#8221; images=&#8221;1717,1718,1676&#8243; img_size=&#8221;470&#215;300&#8243;][\/vc_column][\/vc_row]\n<\/div>","protected":false},"excerpt":{"rendered":"<p>[vc_row gap=&#8221;64&#8243; element_id=&#8221;544602&#8243; css=&#8221;.vc_custom_1548940421216{padding-bottom: 96px !important;}&#8221;][vc_column animation_delay=&#8221;0&#8243; element_id=&#8221;195820&#8243; crp=&#8221;480:i:i,480-768:i:i,768-1024:i:i,1024-1280:i:i,1280-1366:i:i,1366-1600:i:i,1600-1920:i:i&#8221; offset=&#8221;vc_col-lg-4 vc_col-md-5 vc_col-xs-12&#8243;][vc_wp_custommenu nav_menu=&#8221;40&#8243;][vc_row_inner gap=&#8221;0&#8243; element_id=&#8221;795222&#8243;][vc_column_inner el_class=&#8221;background-position-right-bottom&#8221; css=&#8221;.vc_custom_1550830640079{border-top-width: 4px !important;border-right-width: 4px !important;border-bottom-width: 4px !important;border-left-width: 4px !important;padding-top: 32px !important;padding-right: 32px !important;padding-bottom: 32px !important;padding-left: 32px !important;background-image: url(http:\/\/sik.ba\/sik-novi\/wp-content\/uploads\/back3.png?id=433) !important;border-left-color: #004990 !important;border-left-style: solid !important;border-right-color: #004990 !important;border-right-style: solid !important;border-top-color: #004990 !important;border-top-style: solid !important;border-bottom-color: #004990 !important;border-bottom-style: solid !important;}&#8221; offset=&#8221;vc_col-lg-12 vc_col-md-12 vc_col-xs-12&#8243;][\/vc_column_inner][\/vc_row_inner][\/vc_column][vc_column animation_delay=&#8221;0&#8243; [&hellip;]<\/p>\n","protected":false},"author":1,"featured_media":0,"parent":0,"menu_order":0,"comment_status":"closed","ping_status":"closed","template":"page-vc.php","meta":{"footnotes":""},"class_list":["post-2242","page","type-page","status-publish","hentry"],"_links":{"self":[{"href":"https:\/\/www.sik.ba\/hr\/wp-json\/wp\/v2\/pages\/2242","targetHints":{"allow":["GET"]}}],"collection":[{"href":"https:\/\/www.sik.ba\/hr\/wp-json\/wp\/v2\/pages"}],"about":[{"href":"https:\/\/www.sik.ba\/hr\/wp-json\/wp\/v2\/types\/page"}],"author":[{"embeddable":true,"href":"https:\/\/www.sik.ba\/hr\/wp-json\/wp\/v2\/users\/1"}],"replies":[{"embeddable":true,"href":"https:\/\/www.sik.ba\/hr\/wp-json\/wp\/v2\/comments?post=2242"}],"version-history":[{"count":3,"href":"https:\/\/www.sik.ba\/hr\/wp-json\/wp\/v2\/pages\/2242\/revisions"}],"predecessor-version":[{"id":2244,"href":"https:\/\/www.sik.ba\/hr\/wp-json\/wp\/v2\/pages\/2242\/revisions\/2244"}],"wp:attachment":[{"href":"https:\/\/www.sik.ba\/hr\/wp-json\/wp\/v2\/media?parent=2242"}],"curies":[{"name":"wp","href":"https:\/\/api.w.org\/{rel}","templated":true}]}}