{"id":2262,"date":"2020-03-12T12:40:47","date_gmt":"2020-03-12T12:40:47","guid":{"rendered":"https:\/\/www.sik.ba\/machines\/"},"modified":"2026-02-27T11:39:54","modified_gmt":"2026-02-27T10:39:54","slug":"strojevi","status":"publish","type":"page","link":"https:\/\/www.sik.ba\/hr\/strojevi\/","title":{"rendered":"Strojevi"},"content":{"rendered":"<div class=\"wpb-content-wrapper\">[vc_row gap=&#8221;64&#8243; element_id=&#8221;544602&#8243; css=&#8221;.vc_custom_1548940421216{padding-bottom: 96px !important;}&#8221;][vc_column animation_delay=&#8221;0&#8243; element_id=&#8221;195820&#8243; crp=&#8221;480:i:i,480-768:i:i,768-1024:i:i,1024-1280:i:i,1280-1366:i:i,1366-1600:i:i,1600-1920:i:i&#8221; offset=&#8221;vc_col-lg-4 vc_col-md-5 vc_col-xs-12&#8243;][vc_wp_custommenu nav_menu=&#8221;40&#8243;][vc_row_inner gap=&#8221;0&#8243; element_id=&#8221;795222&#8243;][vc_column_inner el_class=&#8221;background-position-right-bottom&#8221; css=&#8221;.vc_custom_1550830640079{border-top-width: 4px !important;border-right-width: 4px !important;border-bottom-width: 4px !important;border-left-width: 4px !important;padding-top: 32px !important;padding-right: 32px !important;padding-bottom: 32px !important;padding-left: 32px !important;background-image: url(http:\/\/sik.ba\/sik-novi\/wp-content\/uploads\/back3.png?id=433) !important;border-left-color: #004990 !important;border-left-style: solid !important;border-right-color: #004990 !important;border-right-style: solid !important;border-top-color: #004990 !important;border-top-style: solid !important;border-bottom-color: #004990 !important;border-bottom-style: solid !important;}&#8221; offset=&#8221;vc_col-lg-12 vc_col-md-12 vc_col-xs-12&#8243;]<h1 class=\"et-heading text-align-left tablet-text-align-inherit mobile-text-align-inherit animate-false no-animation-type\" id=\"et-heading-236251\" data-delay=\"0\" data-mobile-font=\"32px\" data-mobile-line-height=\"32px\" data-tablet-landscape-font=\"inherit\" data-tablet-portrait-font=\"inherit\" data-tablet-landscape-line-height=\"inherit\" data-tablet-portrait-line-height=\"inherit\" data-parallax=\"false\" data-move=\"false\" data-coordinatex=\"0\" data-coordinatey=\"0\" data-speed=\"10\"><span class=\"text-wrapper\"><span class=\"text\">\u0160kola<span class=\"et-gap et-clearfix et-gap-1\"><\/span> zavarivanja<span class=\"et-gap et-clearfix et-gap-1\"><\/span> <span class=\"highlight\" style=\"color: #004990; font-size: 50px; line-height: 70px;\">SIK d.o.o.<\/span><\/span><\/span><\/h1><span class=\"et-gap et-clearfix et-gap-788339\"><\/span><a id=\"et-button-105380\" class=\"et-button icon-position-right modal-false large hover-fill click-none has-icon\" target=\"_self\" href=\"https:\/\/www.sik.ba\/hr\/karijera\/\" data-animation-delay=\"0\" data-parallax=\"false\" data-move=\"false\" data-coordinatex=\"0\" data-coordinatey=\"0\" data-speed=\"10\"><span class=\"hover\"><\/span><span class=\"regular\"><\/span><span class=\"text\">Saznajte vi\u0161e<\/span><span class=\"icon ien ien-earrow-3\"><\/span><\/a>[\/vc_column_inner][\/vc_row_inner]<span class=\"et-gap et-clearfix et-gap-579052 hide1024\"><\/span>[\/vc_column][vc_column animation_delay=&#8221;0&#8243; element_id=&#8221;21206&#8243; crp=&#8221;480:i:i,480-768:i:i,768-1024:i:i,1024-1280:i:i,1280-1366:i:i,1366-1600:i:i,1600-1920:i:i&#8221; offset=&#8221;vc_col-lg-8 vc_col-md-7 vc_col-xs-12&#8243;]<h1 class=\"et-heading text-align-left tablet-text-align-inherit mobile-text-align-inherit animate-false no-animation-type\" id=\"et-heading-316395\" data-delay=\"0\" data-mobile-font=\"18px\" data-mobile-line-height=\"inherit\" data-tablet-landscape-font=\"inherit\" data-tablet-portrait-font=\"inherit\" data-tablet-landscape-line-height=\"inherit\" data-tablet-portrait-line-height=\"inherit\" data-parallax=\"false\" data-move=\"false\" data-coordinatex=\"0\" data-coordinatey=\"0\" data-speed=\"10\"><span class=\"text-wrapper\"><span class=\"text\">Strojevi<\/span><\/span><\/h1><span class=\"et-gap et-clearfix et-gap-70441\"><\/span>[vc_column_text animation_delay=&#8221;0&#8243;]<span class=\"et-font-size\" data-fontsize=\"20px\" data-lineheight=\"32px\">\n<p>Konstantne inovacije i veliko ulaganje u moderne strojeve kao i te\u017enja za tehnolo\u0161kom izvrsno\u0161\u0107u dr\u017ei SIK d.o.o. Mostar prednja\u010di u industriji \u010delika.<\/p>\n<p>Najsuvremeniji strojevi, uz najvi\u0161u kvalitetu proizvoda i zadovoljstvo kupaca, okosnica su na\u0161eg poslovanja i razlog na\u0161eg brzog rasta od male radionice do vode\u0107e proizvodne tvrtke u industriji \u010delika. Na\u0161 trenutni mjese\u010dni obujam proizvodnje je 480 T.<\/span>[\/vc_column_text][vc_column_text animation_delay=&#8221;0&#8243;]<span class=\"et-font-size\" data-fontsize=\"20px\" data-lineheight=\"32px\">Na donjoj poveznici mo\u017eete vidjeti na\u0161u kompletnu listu strojeva.<\/span>[\/vc_column_text]<a id=\"et-button-825255\" class=\"et-button icon-position-left modal-false medium hover-none click-none\" target=\"_blank\" href=\"https:\/\/www.sik.ba\/wp-content\/uploads\/2019\/02\/List-of-machines-SIKMo.pdf\" data-animation-delay=\"0\" data-parallax=\"false\" data-move=\"false\" data-coordinatex=\"0\" data-coordinatey=\"0\" data-speed=\"10\"><span class=\"hover\"><\/span><span class=\"regular\"><\/span><span class=\"text\">LISTA STROJEVA<\/span><\/a><span class=\"et-gap et-clearfix et-gap-803736\"><\/span><div id=\"et-icon-box-container-687402\" class=\"column-2 et-icon-box-container et-item-set effect-none animation-type-sequential top no-border\"><div id=\"et-icon-box-322231\" class=\"et-icon-box et-item icon-position-left icon-alignment-left hover-none\" data-parallax=\"false\" data-move=\"false\" data-coordinatex=\"0\" data-coordinatey=\"0\" data-speed=\"10\"><div class=\"et-icon-box-inner et-item-inner et-clearfix\"><div class=\"et-icon small\"><span class=\"el-icon fas fa-angle-right\"><\/span><\/div><div class=\"et-icon-content et-clearfix\"><h4 class=\"et-icon-box-title\">Stalna inovacija<\/h4><p class=\"et-icon-box-content\"><span style=\"font-weight: 600;\"><span class=\"et-font-size\" data-fontsize=\"18px\" data-lineheight=\"28px\">Tvrtka SIK d.o.o. Mostar neprestano te\u017ei tehnolo\u0161koj izvrsnosti.<\/span><\/span><\/p>\n<\/p><\/div><\/div><\/div><div id=\"et-icon-box-546971\" class=\"et-icon-box et-item icon-position-left icon-alignment-left hover-none\" data-parallax=\"false\" data-move=\"false\" data-coordinatex=\"0\" data-coordinatey=\"0\" data-speed=\"10\"><div class=\"et-icon-box-inner et-item-inner et-clearfix\"><div class=\"et-icon small\"><span class=\"el-icon fas fa-angle-right\"><\/span><\/div><div class=\"et-icon-content et-clearfix\"><h4 class=\"et-icon-box-title\">Najsuvremeniji strojevi<\/h4><p class=\"et-icon-box-content\"><span style=\"font-weight: 600;\"><span class=\"et-font-size\" data-fontsize=\"18px\" data-lineheight=\"28px\">Velika ulaganja u moderne strojeve.<\/span><\/span><\/p>\n<\/p><\/div><\/div><\/div><\/div><span class=\"et-gap et-clearfix et-gap-803736\"><\/span><h4 class=\"et-heading text-align-left tablet-text-align-inherit mobile-text-align-inherit animate-false no-animation-type\" id=\"et-heading-958592\" data-delay=\"0\" data-mobile-font=\"inherit\" data-mobile-line-height=\"inherit\" data-tablet-landscape-font=\"inherit\" data-tablet-portrait-font=\"inherit\" data-tablet-landscape-line-height=\"inherit\" data-tablet-portrait-line-height=\"inherit\" data-parallax=\"false\" data-move=\"false\" data-coordinatex=\"0\" data-coordinatey=\"0\" data-speed=\"10\"><span class=\"text-wrapper\"><span class=\"text\">Plasma Cutting<\/span><\/span><\/h4>[vc_column_text animation_delay=&#8221;0&#8243;]Microstep\/Kjellberg Germany &#8211; 2000x12000mm &#8211; max. thickness: 200mm[\/vc_column_text][vc_single_image image=&#8221;1665&#8243; img_size=&#8221;full&#8221;]<span class=\"et-gap et-clearfix et-gap-318308\"><\/span><h4 class=\"et-heading text-align-left tablet-text-align-inherit mobile-text-align-inherit animate-false no-animation-type\" id=\"et-heading-65645\" data-delay=\"0\" data-mobile-font=\"inherit\" data-mobile-line-height=\"inherit\" data-tablet-landscape-font=\"inherit\" data-tablet-portrait-font=\"inherit\" data-tablet-landscape-line-height=\"inherit\" data-tablet-portrait-line-height=\"inherit\" data-parallax=\"false\" data-move=\"false\" data-coordinatex=\"0\" data-coordinatey=\"0\" data-speed=\"10\"><span class=\"text-wrapper\"><span class=\"text\">Water Cutting<\/span><\/span><\/h4>[vc_column_text animation_delay=&#8221;0&#8243;]Waterjet Flowmach 3 USA: 2000x4000mm &#8211; max. thickness 200mm[\/vc_column_text][vc_single_image image=&#8221;1741&#8243; img_size=&#8221;full&#8221;]<span class=\"et-gap et-clearfix et-gap-318308\"><\/span><h4 class=\"et-heading text-align-left tablet-text-align-inherit mobile-text-align-inherit animate-false no-animation-type\" id=\"et-heading-284584\" data-delay=\"0\" data-mobile-font=\"inherit\" data-mobile-line-height=\"inherit\" data-tablet-landscape-font=\"inherit\" data-tablet-portrait-font=\"inherit\" data-tablet-landscape-line-height=\"inherit\" data-tablet-portrait-line-height=\"inherit\" data-parallax=\"false\" data-move=\"false\" data-coordinatex=\"0\" data-coordinatey=\"0\" data-speed=\"10\"><span class=\"text-wrapper\"><span class=\"text\">Sawcutter<\/span><\/span><\/h4>[vc_column_text animation_delay=&#8221;0&#8243;]SH-510LDMB \u2013 cutting diameter 500mm[\/vc_column_text][vc_single_image image=&#8221;1742&#8243; img_size=&#8221;full&#8221;]<span class=\"et-gap et-clearfix et-gap-318308\"><\/span><h4 class=\"et-heading text-align-left tablet-text-align-inherit mobile-text-align-inherit animate-false no-animation-type\" id=\"et-heading-914276\" data-delay=\"0\" data-mobile-font=\"inherit\" data-mobile-line-height=\"inherit\" data-tablet-landscape-font=\"inherit\" data-tablet-portrait-font=\"inherit\" data-tablet-landscape-line-height=\"inherit\" data-tablet-portrait-line-height=\"inherit\" data-parallax=\"false\" data-move=\"false\" data-coordinatex=\"0\" data-coordinatey=\"0\" data-speed=\"10\"><span class=\"text-wrapper\"><span class=\"text\">Drilling<\/span><\/span><\/h4>[vc_column_text animation_delay=&#8221;0&#8243;]CMA SPAIN 6000mm[\/vc_column_text][vc_single_image image=&#8221;1743&#8243; img_size=&#8221;full&#8221;]<span class=\"et-gap et-clearfix et-gap-318308\"><\/span><h4 class=\"et-heading text-align-left tablet-text-align-inherit mobile-text-align-inherit animate-false no-animation-type\" id=\"et-heading-514924\" data-delay=\"0\" data-mobile-font=\"inherit\" data-mobile-line-height=\"inherit\" data-tablet-landscape-font=\"inherit\" data-tablet-portrait-font=\"inherit\" data-tablet-landscape-line-height=\"inherit\" data-tablet-portrait-line-height=\"inherit\" data-parallax=\"false\" data-move=\"false\" data-coordinatex=\"0\" data-coordinatey=\"0\" data-speed=\"10\"><span class=\"text-wrapper\"><span class=\"text\">Tapping<\/span><\/span><\/h4>[vc_column_text animation_delay=&#8221;0&#8243;]CMA Max. M45[\/vc_column_text][vc_single_image image=&#8221;1744&#8243; img_size=&#8221;full&#8221;]<span class=\"et-gap et-clearfix et-gap-318308\"><\/span><h4 class=\"et-heading text-align-left tablet-text-align-inherit mobile-text-align-inherit animate-false no-animation-type\" id=\"et-heading-318403\" data-delay=\"0\" data-mobile-font=\"inherit\" data-mobile-line-height=\"inherit\" data-tablet-landscape-font=\"inherit\" data-tablet-portrait-font=\"inherit\" data-tablet-landscape-line-height=\"inherit\" data-tablet-portrait-line-height=\"inherit\" data-parallax=\"false\" data-move=\"false\" data-coordinatex=\"0\" data-coordinatey=\"0\" data-speed=\"10\"><span class=\"text-wrapper\"><span class=\"text\">Hydraulic Pressing Machine<\/span><\/span><\/h4>[vc_column_text animation_delay=&#8221;0&#8243;]DURMA AD-S 40320 4000mm FORCE: 320T[\/vc_column_text][vc_single_image image=&#8221;1745&#8243; img_size=&#8221;full&#8221;]<span class=\"et-gap et-clearfix et-gap-318308\"><\/span><h4 class=\"et-heading text-align-left tablet-text-align-inherit mobile-text-align-inherit animate-false no-animation-type\" id=\"et-heading-556443\" data-delay=\"0\" data-mobile-font=\"inherit\" data-mobile-line-height=\"inherit\" data-tablet-landscape-font=\"inherit\" data-tablet-portrait-font=\"inherit\" data-tablet-landscape-line-height=\"inherit\" data-tablet-portrait-line-height=\"inherit\" data-parallax=\"false\" data-move=\"false\" data-coordinatex=\"0\" data-coordinatey=\"0\" data-speed=\"10\"><span class=\"text-wrapper\"><span class=\"text\">Rolling<\/span><\/span><\/h4>[vc_column_text animation_delay=&#8221;0&#8243;]B4 3141 4 rollers 15mm L: 3000mm[\/vc_column_text][vc_single_image image=&#8221;1746&#8243; img_size=&#8221;full&#8221;]<span class=\"et-gap et-clearfix et-gap-318308\"><\/span>[vc_column_text animation_delay=&#8221;0&#8243;]Biko B3 1513 &#8211; 3 rollers &#8211; 8mm L: 1500mm[\/vc_column_text][vc_single_image image=&#8221;1747&#8243; img_size=&#8221;full&#8221;]<span class=\"et-gap et-clearfix et-gap-318308\"><\/span><h4 class=\"et-heading text-align-left tablet-text-align-inherit mobile-text-align-inherit animate-false no-animation-type\" id=\"et-heading-986895\" data-delay=\"0\" data-mobile-font=\"inherit\" data-mobile-line-height=\"inherit\" data-tablet-landscape-font=\"inherit\" data-tablet-portrait-font=\"inherit\" data-tablet-landscape-line-height=\"inherit\" data-tablet-portrait-line-height=\"inherit\" data-parallax=\"false\" data-move=\"false\" data-coordinatex=\"0\" data-coordinatey=\"0\" data-speed=\"10\"><span class=\"text-wrapper\"><span class=\"text\">Axis Milling<\/span><\/span><\/h4>[vc_column_text animation_delay=&#8221;0&#8243;]KAFO KMC 3127 \u2013 3100 x 2700 x 1100 mm[\/vc_column_text][vc_single_image image=&#8221;1748&#8243; img_size=&#8221;full&#8221;]<span class=\"et-gap et-clearfix et-gap-318308\"><\/span>[vc_column_text animation_delay=&#8221;0&#8243;]Model: RV 4127 \u2013 4100 x \/ 2700 y \/ 1100 z[\/vc_column_text][vc_single_image image=&#8221;1816&#8243; img_size=&#8221;full&#8221;]<span class=\"et-gap et-clearfix et-gap-318308\"><\/span>[vc_column_text animation_delay=&#8221;0&#8243;]ANAYAK HVM 3300 \u2013 2700 x 1200 x 1000 mm[\/vc_column_text][vc_single_image image=&#8221;1749&#8243; img_size=&#8221;full&#8221;]<span class=\"et-gap et-clearfix et-gap-318308\"><\/span>[vc_column_text animation_delay=&#8221;0&#8243;]HAAS EC1600 \u2013 1600 x 1200 x 800 mm[\/vc_column_text][vc_single_image image=&#8221;1750&#8243; img_size=&#8221;full&#8221;]<span class=\"et-gap et-clearfix et-gap-318308\"><\/span>[vc_column_text animation_delay=&#8221;0&#8243;]Haas VF7\/50 2200x1050mm[\/vc_column_text][vc_single_image image=&#8221;1751&#8243; img_size=&#8221;full&#8221;]<span class=\"et-gap et-clearfix et-gap-318308\"><\/span><h4 class=\"et-heading text-align-left tablet-text-align-inherit mobile-text-align-inherit animate-false no-animation-type\" id=\"et-heading-764452\" data-delay=\"0\" data-mobile-font=\"inherit\" data-mobile-line-height=\"inherit\" data-tablet-landscape-font=\"inherit\" data-tablet-portrait-font=\"inherit\" data-tablet-landscape-line-height=\"inherit\" data-tablet-portrait-line-height=\"inherit\" data-parallax=\"false\" data-move=\"false\" data-coordinatex=\"0\" data-coordinatey=\"0\" data-speed=\"10\"><span class=\"text-wrapper\"><span class=\"text\">Carusels<\/span><\/span><\/h4>[vc_column_text animation_delay=&#8221;0&#8243;]Karusel &#8211; 1600 mm[\/vc_column_text][vc_single_image image=&#8221;1752&#8243; img_size=&#8221;full&#8221;]<span class=\"et-gap et-clearfix et-gap-318308\"><\/span><h4 class=\"et-heading text-align-left tablet-text-align-inherit mobile-text-align-inherit animate-false no-animation-type\" id=\"et-heading-536844\" data-delay=\"0\" data-mobile-font=\"inherit\" data-mobile-line-height=\"inherit\" data-tablet-landscape-font=\"inherit\" data-tablet-portrait-font=\"inherit\" data-tablet-landscape-line-height=\"inherit\" data-tablet-portrait-line-height=\"inherit\" data-parallax=\"false\" data-move=\"false\" data-coordinatex=\"0\" data-coordinatey=\"0\" data-speed=\"10\"><span class=\"text-wrapper\"><span class=\"text\">Milling<\/span><\/span><\/h4>[vc_column_text animation_delay=&#8221;0&#8243;]NC Style BM6 1100x500x700 mm[\/vc_column_text][vc_single_image image=&#8221;1753&#8243; img_size=&#8221;full&#8221;]<span class=\"et-gap et-clearfix et-gap-318308\"><\/span>[vc_column_text animation_delay=&#8221;0&#8243;]FOREST SERAMILL 240G &#8211; 6000X2900X1300 mm[\/vc_column_text][vc_single_image image=&#8221;1754&#8243; img_size=&#8221;full&#8221;]<span class=\"et-gap et-clearfix et-gap-318308\"><\/span>[vc_column_text animation_delay=&#8221;0&#8243;]Haas VF5\/50[\/vc_column_text][vc_single_image image=&#8221;1755&#8243; img_size=&#8221;full&#8221;]<span class=\"et-gap et-clearfix et-gap-318308\"><\/span><h4 class=\"et-heading text-align-left tablet-text-align-inherit mobile-text-align-inherit animate-false no-animation-type\" id=\"et-heading-540190\" data-delay=\"0\" data-mobile-font=\"inherit\" data-mobile-line-height=\"inherit\" data-tablet-landscape-font=\"inherit\" data-tablet-portrait-font=\"inherit\" data-tablet-landscape-line-height=\"inherit\" data-tablet-portrait-line-height=\"inherit\" data-parallax=\"false\" data-move=\"false\" data-coordinatex=\"0\" data-coordinatey=\"0\" data-speed=\"10\"><span class=\"text-wrapper\"><span class=\"text\">CNC Milling \/ Bohrwerk<\/span><\/span><\/h4>[vc_column_text animation_delay=&#8221;0&#8243;]TOS WHN100 2000x1400x1250mm[\/vc_column_text][vc_single_image image=&#8221;1756&#8243; img_size=&#8221;full&#8221;]<span class=\"et-gap et-clearfix et-gap-318308\"><\/span>[vc_column_text animation_delay=&#8221;0&#8243;]TOS WHQ130 3500x2500x800mm[\/vc_column_text][vc_single_image image=&#8221;1757&#8243; img_size=&#8221;full&#8221;]<span class=\"et-gap et-clearfix et-gap-318308\"><\/span><h4 class=\"et-heading text-align-left tablet-text-align-inherit mobile-text-align-inherit animate-false no-animation-type\" id=\"et-heading-124431\" data-delay=\"0\" data-mobile-font=\"inherit\" data-mobile-line-height=\"inherit\" data-tablet-landscape-font=\"inherit\" data-tablet-portrait-font=\"inherit\" data-tablet-landscape-line-height=\"inherit\" data-tablet-portrait-line-height=\"inherit\" data-parallax=\"false\" data-move=\"false\" data-coordinatex=\"0\" data-coordinatey=\"0\" data-speed=\"10\"><span class=\"text-wrapper\"><span class=\"text\">Welding<\/span><\/span><\/h4>[vc_column_text animation_delay=&#8221;0&#8243;]Robot Cloos Quirox 350 11 Axis 184\u2070[\/vc_column_text][vc_single_image image=&#8221;1759&#8243; img_size=&#8221;full&#8221;]<span class=\"et-gap et-clearfix et-gap-318308\"><\/span>[vc_column_text animation_delay=&#8221;0&#8243;]55 modern series welding machines, Fronius and Cloos[\/vc_column_text][vc_single_image image=&#8221;1760&#8243; img_size=&#8221;full&#8221;]<span class=\"et-gap et-clearfix et-gap-318308\"><\/span><h4 class=\"et-heading text-align-left tablet-text-align-inherit mobile-text-align-inherit animate-false no-animation-type\" id=\"et-heading-49036\" data-delay=\"0\" data-mobile-font=\"inherit\" data-mobile-line-height=\"inherit\" data-tablet-landscape-font=\"inherit\" data-tablet-portrait-font=\"inherit\" data-tablet-landscape-line-height=\"inherit\" data-tablet-portrait-line-height=\"inherit\" data-parallax=\"false\" data-move=\"false\" data-coordinatex=\"0\" data-coordinatey=\"0\" data-speed=\"10\"><span class=\"text-wrapper\"><span class=\"text\">Annealing<\/span><\/span><\/h4>[vc_column_text animation_delay=&#8221;0&#8243;]Annealing furnace 7500x2900x2900[\/vc_column_text][vc_single_image image=&#8221;1761&#8243; img_size=&#8221;full&#8221;]<span class=\"et-gap et-clearfix et-gap-318308\"><\/span><h4 class=\"et-heading text-align-left tablet-text-align-inherit mobile-text-align-inherit animate-false no-animation-type\" id=\"et-heading-70840\" data-delay=\"0\" data-mobile-font=\"inherit\" data-mobile-line-height=\"inherit\" data-tablet-landscape-font=\"inherit\" data-tablet-portrait-font=\"inherit\" data-tablet-landscape-line-height=\"inherit\" data-tablet-portrait-line-height=\"inherit\" data-parallax=\"false\" data-move=\"false\" data-coordinatex=\"0\" data-coordinatey=\"0\" data-speed=\"10\"><span class=\"text-wrapper\"><span class=\"text\">Shotblasting Chamber<\/span><\/span><\/h4>[vc_column_text animation_delay=&#8221;0&#8243;]Shotblasting chamber &#8211; KMP 10[\/vc_column_text][vc_single_image image=&#8221;1762&#8243; img_size=&#8221;full&#8221;]<span class=\"et-gap et-clearfix et-gap-318308\"><\/span><h4 class=\"et-heading text-align-left tablet-text-align-inherit mobile-text-align-inherit animate-false no-animation-type\" id=\"et-heading-924877\" data-delay=\"0\" data-mobile-font=\"inherit\" data-mobile-line-height=\"inherit\" data-tablet-landscape-font=\"inherit\" data-tablet-portrait-font=\"inherit\" data-tablet-landscape-line-height=\"inherit\" data-tablet-portrait-line-height=\"inherit\" data-parallax=\"false\" data-move=\"false\" data-coordinatex=\"0\" data-coordinatey=\"0\" data-speed=\"10\"><span class=\"text-wrapper\"><span class=\"text\">Paintshop<\/span><\/span><\/h4>[vc_column_text animation_delay=&#8221;0&#8243;]Paintshop &#8211; SIK Mostar[\/vc_column_text][vc_single_image image=&#8221;1763&#8243; img_size=&#8221;full&#8221;]<span class=\"et-gap et-clearfix et-gap-318308\"><\/span>[\/vc_column][\/vc_row][vc_row full_width=&#8221;stretch_row_content&#8221; disable_element=&#8221;yes&#8221; element_id=&#8221;74668&#8243;][vc_column animation_delay=&#8221;0&#8243; text_align=&#8221;center&#8221; element_id=&#8221;488053&#8243; crp=&#8221;480:i:i,480-768:i:i,768-1024:i:i,1024-1280:i:i,1280-1366:i:i,1366-1600:i:i,1600-1920:i:i&#8221;][vc_gallery type=&#8221;image_grid&#8221; images=&#8221;1750,1749,1748,1747,1745,1754,1757,1759,1762,1763,1764,1742&#8243; img_size=&#8221;470&#215;300&#8243;][\/vc_column][\/vc_row]\n<\/div>","protected":false},"excerpt":{"rendered":"<p>[vc_row gap=&#8221;64&#8243; element_id=&#8221;544602&#8243; css=&#8221;.vc_custom_1548940421216{padding-bottom: 96px !important;}&#8221;][vc_column animation_delay=&#8221;0&#8243; element_id=&#8221;195820&#8243; crp=&#8221;480:i:i,480-768:i:i,768-1024:i:i,1024-1280:i:i,1280-1366:i:i,1366-1600:i:i,1600-1920:i:i&#8221; offset=&#8221;vc_col-lg-4 vc_col-md-5 vc_col-xs-12&#8243;][vc_wp_custommenu nav_menu=&#8221;40&#8243;][vc_row_inner gap=&#8221;0&#8243; element_id=&#8221;795222&#8243;][vc_column_inner el_class=&#8221;background-position-right-bottom&#8221; css=&#8221;.vc_custom_1550830640079{border-top-width: 4px !important;border-right-width: 4px !important;border-bottom-width: 4px !important;border-left-width: 4px !important;padding-top: 32px !important;padding-right: 32px !important;padding-bottom: 32px !important;padding-left: 32px !important;background-image: url(http:\/\/sik.ba\/sik-novi\/wp-content\/uploads\/back3.png?id=433) !important;border-left-color: #004990 !important;border-left-style: solid !important;border-right-color: #004990 !important;border-right-style: solid !important;border-top-color: #004990 !important;border-top-style: solid !important;border-bottom-color: #004990 !important;border-bottom-style: solid !important;}&#8221; offset=&#8221;vc_col-lg-12 vc_col-md-12 vc_col-xs-12&#8243;][\/vc_column_inner][\/vc_row_inner][\/vc_column][vc_column animation_delay=&#8221;0&#8243; [&hellip;]<\/p>\n","protected":false},"author":1,"featured_media":0,"parent":0,"menu_order":0,"comment_status":"closed","ping_status":"closed","template":"page-vc.php","meta":{"footnotes":""},"class_list":["post-2262","page","type-page","status-publish","hentry"],"_links":{"self":[{"href":"https:\/\/www.sik.ba\/hr\/wp-json\/wp\/v2\/pages\/2262","targetHints":{"allow":["GET"]}}],"collection":[{"href":"https:\/\/www.sik.ba\/hr\/wp-json\/wp\/v2\/pages"}],"about":[{"href":"https:\/\/www.sik.ba\/hr\/wp-json\/wp\/v2\/types\/page"}],"author":[{"embeddable":true,"href":"https:\/\/www.sik.ba\/hr\/wp-json\/wp\/v2\/users\/1"}],"replies":[{"embeddable":true,"href":"https:\/\/www.sik.ba\/hr\/wp-json\/wp\/v2\/comments?post=2262"}],"version-history":[{"count":4,"href":"https:\/\/www.sik.ba\/hr\/wp-json\/wp\/v2\/pages\/2262\/revisions"}],"predecessor-version":[{"id":2819,"href":"https:\/\/www.sik.ba\/hr\/wp-json\/wp\/v2\/pages\/2262\/revisions\/2819"}],"wp:attachment":[{"href":"https:\/\/www.sik.ba\/hr\/wp-json\/wp\/v2\/media?parent=2262"}],"curies":[{"name":"wp","href":"https:\/\/api.w.org\/{rel}","templated":true}]}}